{"id":1201,"date":"2025-03-11T13:52:36","date_gmt":"2025-03-11T12:52:36","guid":{"rendered":"https:\/\/ladanyiemese.hu\/?page_id=1201"},"modified":"2025-03-11T14:43:57","modified_gmt":"2025-03-11T13:43:57","slug":"imprint","status":"publish","type":"page","link":"https:\/\/ladanyiemese.hu\/en\/impresszum\/","title":{"rendered":"Imprint"},"content":{"rendered":"<div data-elementor-type=\"wp-page\" data-elementor-id=\"1201\" class=\"elementor elementor-1201\" data-elementor-post-type=\"page\">\n\t\t\t\t<div class=\"elementor-element elementor-element-08d6acf e-con-full e-flex e-con e-parent\" data-id=\"08d6acf\" data-element_type=\"container\" data-e-type=\"container\" data-settings=\"{&quot;background_background&quot;:&quot;classic&quot;}\">\n\t\t\t\t<div class=\"elementor-element elementor-element-b6e9eb8 elementor-widget elementor-widget-heading\" data-id=\"b6e9eb8\" data-element_type=\"widget\" data-e-type=\"widget\" data-widget_type=\"heading.default\">\n\t\t\t\t<div class=\"elementor-widget-container\">\n\t\t\t\t\t<h2 class=\"elementor-heading-title elementor-size-default\">Imprint<\/h2>\t\t\t\t<\/div>\n\t\t\t\t<\/div>\n\t\t\t\t<\/div>\n\t\t<div class=\"elementor-element elementor-element-9fae705 e-flex e-con-boxed e-con e-parent\" data-id=\"9fae705\" data-element_type=\"container\" data-e-type=\"container\">\n\t\t\t\t\t<div class=\"e-con-inner\">\n\t\t\t\t<div class=\"elementor-element elementor-element-9a97522 elementor-widget elementor-widget-text-editor\" data-id=\"9a97522\" data-element_type=\"widget\" data-e-type=\"widget\" data-widget_type=\"text-editor.default\">\n\t\t\t\t<div class=\"elementor-widget-container\">\n\t\t\t\t\t\t\t\t\t<p>In accordance with Section 10 of 6\/2018. (III.26.) Regulation of the Hungarian Bar Association on the ethical rules and expectations of the legal profession and with \u00a7 4 of Act CVIII of 2001 on certain issues of electronic commerce services and information society services, please be informed about the following data of the service provider:<\/p>\n<p class=\"translation-block\"><strong>Name:<\/strong> Dr. Emese Lad\u00e1nyi<\/p>\n<p class=\"translation-block\"><strong>Registered office:<\/strong> 1051 Budapest, Dorottya u. 1. IV. em.<\/p>\n<p class=\"translation-block\"><strong>Electronic address: <\/strong>ugyved@ladanyiemese.hu<\/p>\n<p class=\"translation-block\"><strong>Registration authority:<\/strong> Budapest Bar Association<\/p>\n<p><strong>Tax ID No.:<\/strong>&nbsp;52992337-1-41<\/p>\n<p><strong>Hosting provider:<\/strong> NetMasters Europe Kft.<br>4200 Hajd\u00faszoboszl\u00f3, Di\u00f3szegi S. u. 5.<br>netmasters.hu<\/p>\t\t\t\t\t\t\t\t<\/div>\n\t\t\t\t<\/div>\n\t\t\t\t\t<\/div>\n\t\t\t\t<\/div>\n\t\t\t\t<\/div>","protected":false},"excerpt":{"rendered":"<p>Impresszum A Magyar \u00dcgyv\u00e9di Kamara \u00e1ltal elfogadott, az \u00fcgyv\u00e9di hivat\u00e1s etikai szab\u00e1lyair\u00f3l \u00e9s elv\u00e1r\u00e1sair\u00f3l sz\u00f3l\u00f3 6\/2018. (III.26.) M\u00dcK szab\u00e1lyzat 10. pontj\u00e1ban foglaltakkal \u00f6sszhangban \u00e9s az elektronikus kereskedelmi szolg\u00e1ltat\u00e1sok, valamint az inform\u00e1ci\u00f3s t\u00e1rsadalommal \u00f6sszef\u00fcgg\u0151 szolg\u00e1ltat\u00e1sok egyes k\u00e9rd\u00e9seir\u0151l sz\u00f3l\u00f3 2001. \u00e9vi CVIII. t\u00f6rv\u00e9ny 4. \u00a7-\u00e1nak megfelel\u0151en a szolg\u00e1ltat\u00f3 az al\u00e1bbi adatokat k\u00f6zli a honlapon: N\u00e9v: Dr. Lad\u00e1nyi [&hellip;]<\/p>\n","protected":false},"author":1,"featured_media":0,"parent":0,"menu_order":0,"comment_status":"closed","ping_status":"closed","template":"","meta":{"footnotes":""},"class_list":["post-1201","page","type-page","status-publish","hentry"],"yoast_head":"<!-- This site is optimized with the Yoast SEO plugin v27.5 - https:\/\/yoast.com\/product\/yoast-seo-wordpress\/ -->\n<title>Impresszum - ladanyiemese.hu<\/title>\n<meta name=\"robots\" content=\"index, follow, max-snippet:-1, max-image-preview:large, max-video-preview:-1\" \/>\n<link rel=\"canonical\" href=\"https:\/\/ladanyiemese.hu\/en\/imprint\/\" \/>\n<meta property=\"og:locale\" content=\"en_GB\" \/>\n<meta property=\"og:type\" content=\"article\" \/>\n<meta property=\"og:title\" content=\"Impresszum - ladanyiemese.hu\" \/>\n<meta property=\"og:description\" content=\"Impresszum A Magyar \u00dcgyv\u00e9di Kamara \u00e1ltal elfogadott, az \u00fcgyv\u00e9di hivat\u00e1s etikai szab\u00e1lyair\u00f3l \u00e9s elv\u00e1r\u00e1sair\u00f3l sz\u00f3l\u00f3 6\/2018. (III.26.) M\u00dcK szab\u00e1lyzat 10. pontj\u00e1ban foglaltakkal \u00f6sszhangban \u00e9s az elektronikus kereskedelmi szolg\u00e1ltat\u00e1sok, valamint az inform\u00e1ci\u00f3s t\u00e1rsadalommal \u00f6sszef\u00fcgg\u0151 szolg\u00e1ltat\u00e1sok egyes k\u00e9rd\u00e9seir\u0151l sz\u00f3l\u00f3 2001. \u00e9vi CVIII. t\u00f6rv\u00e9ny 4. \u00a7-\u00e1nak megfelel\u0151en a szolg\u00e1ltat\u00f3 az al\u00e1bbi adatokat k\u00f6zli a honlapon: N\u00e9v: Dr. Lad\u00e1nyi [&hellip;]\" \/>\n<meta property=\"og:url\" content=\"https:\/\/ladanyiemese.hu\/en\/imprint\/\" \/>\n<meta property=\"og:site_name\" content=\"ladanyiemese.hu\" \/>\n<meta property=\"article:modified_time\" content=\"2025-03-11T13:43:57+00:00\" \/>\n<meta name=\"twitter:card\" content=\"summary_large_image\" \/>\n<meta name=\"twitter:label1\" content=\"Estimated reading time\" \/>\n\t<meta name=\"twitter:data1\" content=\"1 minute\" \/>\n<script type=\"application\/ld+json\" class=\"yoast-schema-graph\">{\"@context\":\"https:\\\/\\\/schema.org\",\"@graph\":[{\"@type\":\"WebPage\",\"@id\":\"https:\\\/\\\/ladanyiemese.hu\\\/impresszum\\\/\",\"url\":\"https:\\\/\\\/ladanyiemese.hu\\\/impresszum\\\/\",\"name\":\"Impresszum - ladanyiemese.hu\",\"isPartOf\":{\"@id\":\"https:\\\/\\\/ladanyiemese.hu\\\/#website\"},\"datePublished\":\"2025-03-11T12:52:36+00:00\",\"dateModified\":\"2025-03-11T13:43:57+00:00\",\"breadcrumb\":{\"@id\":\"https:\\\/\\\/ladanyiemese.hu\\\/impresszum\\\/#breadcrumb\"},\"inLanguage\":\"en-GB\",\"potentialAction\":[{\"@type\":\"ReadAction\",\"target\":[\"https:\\\/\\\/ladanyiemese.hu\\\/impresszum\\\/\"]}]},{\"@type\":\"BreadcrumbList\",\"@id\":\"https:\\\/\\\/ladanyiemese.hu\\\/impresszum\\\/#breadcrumb\",\"itemListElement\":[{\"@type\":\"ListItem\",\"position\":1,\"name\":\"Kezd\u0151lap\",\"item\":\"https:\\\/\\\/ladanyiemese.hu\\\/\"},{\"@type\":\"ListItem\",\"position\":2,\"name\":\"Impresszum\"}]},{\"@type\":\"WebSite\",\"@id\":\"https:\\\/\\\/ladanyiemese.hu\\\/#website\",\"url\":\"https:\\\/\\\/ladanyiemese.hu\\\/\",\"name\":\"ladanyiemese.hu\",\"description\":\"Megb\u00edzhat\u00f3 jogi seg\u00edts\u00e9g mag\u00e1nszem\u00e9lyeknek \u00e9s v\u00e1llalkoz\u00e1soknak\",\"publisher\":{\"@id\":\"https:\\\/\\\/ladanyiemese.hu\\\/#organization\"},\"potentialAction\":[{\"@type\":\"SearchAction\",\"target\":{\"@type\":\"EntryPoint\",\"urlTemplate\":\"https:\\\/\\\/ladanyiemese.hu\\\/?s={search_term_string}\"},\"query-input\":{\"@type\":\"PropertyValueSpecification\",\"valueRequired\":true,\"valueName\":\"search_term_string\"}}],\"inLanguage\":\"en-GB\"},{\"@type\":\"Organization\",\"@id\":\"https:\\\/\\\/ladanyiemese.hu\\\/#organization\",\"name\":\"ladanyiemese.hu\",\"url\":\"https:\\\/\\\/ladanyiemese.hu\\\/\",\"logo\":{\"@type\":\"ImageObject\",\"inLanguage\":\"en-GB\",\"@id\":\"https:\\\/\\\/ladanyiemese.hu\\\/#\\\/schema\\\/logo\\\/image\\\/\",\"url\":\"https:\\\/\\\/ladanyiemese.hu\\\/wp-content\\\/uploads\\\/2025\\\/02\\\/ladanyiemese-logo-hu.webp\",\"contentUrl\":\"https:\\\/\\\/ladanyiemese.hu\\\/wp-content\\\/uploads\\\/2025\\\/02\\\/ladanyiemese-logo-hu.webp\",\"width\":846,\"height\":357,\"caption\":\"ladanyiemese.hu\"},\"image\":{\"@id\":\"https:\\\/\\\/ladanyiemese.hu\\\/#\\\/schema\\\/logo\\\/image\\\/\"}}]}<\/script>\n<!-- \/ Yoast SEO plugin. -->","yoast_head_json":{"title":"Imprint - ladanyiemese.hu","robots":{"index":"index","follow":"follow","max-snippet":"max-snippet:-1","max-image-preview":"max-image-preview:large","max-video-preview":"max-video-preview:-1"},"canonical":"https:\/\/ladanyiemese.hu\/en\/imprint\/","og_locale":"en_GB","og_type":"article","og_title":"Impresszum - ladanyiemese.hu","og_description":"Impresszum A Magyar \u00dcgyv\u00e9di Kamara \u00e1ltal elfogadott, az \u00fcgyv\u00e9di hivat\u00e1s etikai szab\u00e1lyair\u00f3l \u00e9s elv\u00e1r\u00e1sair\u00f3l sz\u00f3l\u00f3 6\/2018. (III.26.) M\u00dcK szab\u00e1lyzat 10. pontj\u00e1ban foglaltakkal \u00f6sszhangban \u00e9s az elektronikus kereskedelmi szolg\u00e1ltat\u00e1sok, valamint az inform\u00e1ci\u00f3s t\u00e1rsadalommal \u00f6sszef\u00fcgg\u0151 szolg\u00e1ltat\u00e1sok egyes k\u00e9rd\u00e9seir\u0151l sz\u00f3l\u00f3 2001. \u00e9vi CVIII. t\u00f6rv\u00e9ny 4. \u00a7-\u00e1nak megfelel\u0151en a szolg\u00e1ltat\u00f3 az al\u00e1bbi adatokat k\u00f6zli a honlapon: N\u00e9v: Dr. Lad\u00e1nyi [&hellip;]","og_url":"https:\/\/ladanyiemese.hu\/en\/imprint\/","og_site_name":"ladanyiemese.hu","article_modified_time":"2025-03-11T13:43:57+00:00","twitter_card":"summary_large_image","twitter_misc":{"Estimated reading time":"1 minute"},"schema":{"@context":"https:\/\/schema.org","@graph":[{"@type":"WebPage","@id":"https:\/\/ladanyiemese.hu\/impresszum\/","url":"https:\/\/ladanyiemese.hu\/impresszum\/","name":"Imprint - ladanyiemese.hu","isPartOf":{"@id":"https:\/\/ladanyiemese.hu\/#website"},"datePublished":"2025-03-11T12:52:36+00:00","dateModified":"2025-03-11T13:43:57+00:00","breadcrumb":{"@id":"https:\/\/ladanyiemese.hu\/impresszum\/#breadcrumb"},"inLanguage":"en-GB","potentialAction":[{"@type":"ReadAction","target":["https:\/\/ladanyiemese.hu\/impresszum\/"]}]},{"@type":"BreadcrumbList","@id":"https:\/\/ladanyiemese.hu\/impresszum\/#breadcrumb","itemListElement":[{"@type":"ListItem","position":1,"name":"Kezd\u0151lap","item":"https:\/\/ladanyiemese.hu\/"},{"@type":"ListItem","position":2,"name":"Impresszum"}]},{"@type":"WebSite","@id":"https:\/\/ladanyiemese.hu\/#website","url":"https:\/\/ladanyiemese.hu\/","name":"ladanyiemese.hu","description":"Megb\u00edzhat\u00f3 jogi seg\u00edts\u00e9g mag\u00e1nszem\u00e9lyeknek \u00e9s v\u00e1llalkoz\u00e1soknak","publisher":{"@id":"https:\/\/ladanyiemese.hu\/#organization"},"potentialAction":[{"@type":"SearchAction","target":{"@type":"EntryPoint","urlTemplate":"https:\/\/ladanyiemese.hu\/?s={search_term_string}"},"query-input":{"@type":"PropertyValueSpecification","valueRequired":true,"valueName":"search_term_string"}}],"inLanguage":"en-GB"},{"@type":"Organization","@id":"https:\/\/ladanyiemese.hu\/#organization","name":"ladanyiemese.hu","url":"https:\/\/ladanyiemese.hu\/","logo":{"@type":"ImageObject","inLanguage":"en-GB","@id":"https:\/\/ladanyiemese.hu\/#\/schema\/logo\/image\/","url":"https:\/\/ladanyiemese.hu\/wp-content\/uploads\/2025\/02\/ladanyiemese-logo-hu.webp","contentUrl":"https:\/\/ladanyiemese.hu\/wp-content\/uploads\/2025\/02\/ladanyiemese-logo-hu.webp","width":846,"height":357,"caption":"ladanyiemese.hu"},"image":{"@id":"https:\/\/ladanyiemese.hu\/#\/schema\/logo\/image\/"}}]}},"_links":{"self":[{"href":"https:\/\/ladanyiemese.hu\/en\/wp-json\/wp\/v2\/pages\/1201","targetHints":{"allow":["GET"]}}],"collection":[{"href":"https:\/\/ladanyiemese.hu\/en\/wp-json\/wp\/v2\/pages"}],"about":[{"href":"https:\/\/ladanyiemese.hu\/en\/wp-json\/wp\/v2\/types\/page"}],"author":[{"embeddable":true,"href":"https:\/\/ladanyiemese.hu\/en\/wp-json\/wp\/v2\/users\/1"}],"replies":[{"embeddable":true,"href":"https:\/\/ladanyiemese.hu\/en\/wp-json\/wp\/v2\/comments?post=1201"}],"version-history":[{"count":0,"href":"https:\/\/ladanyiemese.hu\/en\/wp-json\/wp\/v2\/pages\/1201\/revisions"}],"wp:attachment":[{"href":"https:\/\/ladanyiemese.hu\/en\/wp-json\/wp\/v2\/media?parent=1201"}],"curies":[{"name":"wp","href":"https:\/\/api.w.org\/{rel}","templated":true}]}}