{"id":1203,"date":"2025-03-11T13:55:13","date_gmt":"2025-03-11T12:55:13","guid":{"rendered":"https:\/\/ladanyiemese.hu\/?page_id=1203"},"modified":"2025-03-11T13:56:03","modified_gmt":"2025-03-11T12:56:03","slug":"legal-disclaimer","status":"publish","type":"page","link":"https:\/\/ladanyiemese.hu\/en\/jogi-nyilatkozat\/","title":{"rendered":"Legal Disclaimer"},"content":{"rendered":"<div data-elementor-type=\"wp-page\" data-elementor-id=\"1203\" class=\"elementor elementor-1203\" data-elementor-post-type=\"page\">\n\t\t\t\t<div class=\"elementor-element elementor-element-109c131 e-con-full e-flex e-con e-parent\" data-id=\"109c131\" data-element_type=\"container\" data-e-type=\"container\" data-settings=\"{&quot;background_background&quot;:&quot;classic&quot;}\">\n\t\t\t\t<div class=\"elementor-element elementor-element-124ffd1 elementor-widget elementor-widget-heading\" data-id=\"124ffd1\" data-element_type=\"widget\" data-e-type=\"widget\" data-widget_type=\"heading.default\">\n\t\t\t\t<div class=\"elementor-widget-container\">\n\t\t\t\t\t<h2 class=\"elementor-heading-title elementor-size-default\">Legal Disclaimer<\/h2>\t\t\t\t<\/div>\n\t\t\t\t<\/div>\n\t\t\t\t<\/div>\n\t\t<div class=\"elementor-element elementor-element-3bbb8f4 e-flex e-con-boxed e-con e-parent\" data-id=\"3bbb8f4\" data-element_type=\"container\" data-e-type=\"container\">\n\t\t\t\t\t<div class=\"e-con-inner\">\n\t\t\t\t<div class=\"elementor-element elementor-element-574dffc elementor-widget elementor-widget-text-editor\" data-id=\"574dffc\" data-element_type=\"widget\" data-e-type=\"widget\" data-widget_type=\"text-editor.default\">\n\t\t\t\t<div class=\"elementor-widget-container\">\n\t\t\t\t\t\t\t\t\t<p>The information, data and conditions presented on this website are provided for general informational purposes only. They do not constitute legal or other professional advice under any circumstances and do not create an attorney-client relationship. If you require legal advice regarding a specific matter or wish to receive further information about any content published on this website, please contact the office directly. The service provider makes every effort to ensure that the content of this website is accurate, complete and up-to-date. However, the service provider does not assume any liability for the completeness, accuracy or timeliness of the information published on the website, nor for any consequences arising from the use of such information. Furthermore, the service provider shall not be liable for any damages resulting from the use of the website or reliance on the information contained therein. The website may contain links to third-party websites that are entirely outside the control of the service provider. The service provider assumes no responsibility for the operation of such external websites, the content, the services offered on such websites, or the security of your personal data when using those sites.<br \/>\u200b<br \/>All content on this website is protected by copyright, including database rights and other applicable intellectual property rights. All rights reserved. No part of this website may be reproduced in whole or in part by mechanical or electronic means, except for personal and non-commercial use or for viewing office-related information for informational purposes only. If data is downloaded from this website for the purpose stated above, each copy must include all copyright and other proprietary notices as they appear on the original. Any modification, distribution, public display, incorporation into other intellectual works, publications or websites or storage in any electronic system enabling information retrieval, in whole or in part, for any reason is strictly prohibited.<\/p>\t\t\t\t\t\t\t\t<\/div>\n\t\t\t\t<\/div>\n\t\t\t\t\t<\/div>\n\t\t\t\t<\/div>\n\t\t\t\t<\/div>","protected":false},"excerpt":{"rendered":"<p>Jogi nyilatkozat A weboldalon megjelen\u0151 inform\u00e1ci\u00f3k, adatok, felt\u00e9telek kiz\u00e1r\u00f3lag t\u00e1j\u00e9koztat\u00e1sul szolg\u00e1lnak. A megjelent inform\u00e1ci\u00f3k semmilyen esetben nem min\u0151s\u00fclnek jogi vagy egy\u00e9b szakmai tan\u00e1csnak, \u00e9s nem keletkeztetnek \u00fcgyv\u00e9di megb\u00edz\u00e1si jogviszonyt. Amennyiben tan\u00e1csra van sz\u00fcks\u00e9ge konkr\u00e9t jogi probl\u00e9m\u00e1val kapcsolatban, vagy a honlapon k\u00f6z\u00f6lt inform\u00e1ci\u00f3kr\u00f3l szeretne tov\u00e1bbi t\u00e1j\u00e9koztat\u00e1st kapni, k\u00e9rj\u00fck, l\u00e9pjen kapcsolatba az irod\u00e1val. A szolg\u00e1ltat\u00f3 mindent megtesz [&hellip;]<\/p>\n","protected":false},"author":1,"featured_media":0,"parent":0,"menu_order":0,"comment_status":"closed","ping_status":"closed","template":"","meta":{"footnotes":""},"class_list":["post-1203","page","type-page","status-publish","hentry"],"yoast_head":"<!-- This site is optimized with the Yoast SEO plugin v27.5 - https:\/\/yoast.com\/product\/yoast-seo-wordpress\/ -->\n<title>Jogi nyilatkozat - ladanyiemese.hu<\/title>\n<meta name=\"robots\" content=\"index, follow, max-snippet:-1, max-image-preview:large, max-video-preview:-1\" \/>\n<link rel=\"canonical\" href=\"https:\/\/ladanyiemese.hu\/en\/legal-disclaimer\/\" \/>\n<meta property=\"og:locale\" content=\"en_GB\" \/>\n<meta property=\"og:type\" content=\"article\" \/>\n<meta property=\"og:title\" content=\"Jogi nyilatkozat - ladanyiemese.hu\" \/>\n<meta property=\"og:description\" content=\"Jogi nyilatkozat A weboldalon megjelen\u0151 inform\u00e1ci\u00f3k, adatok, felt\u00e9telek kiz\u00e1r\u00f3lag t\u00e1j\u00e9koztat\u00e1sul szolg\u00e1lnak. A megjelent inform\u00e1ci\u00f3k semmilyen esetben nem min\u0151s\u00fclnek jogi vagy egy\u00e9b szakmai tan\u00e1csnak, \u00e9s nem keletkeztetnek \u00fcgyv\u00e9di megb\u00edz\u00e1si jogviszonyt. Amennyiben tan\u00e1csra van sz\u00fcks\u00e9ge konkr\u00e9t jogi probl\u00e9m\u00e1val kapcsolatban, vagy a honlapon k\u00f6z\u00f6lt inform\u00e1ci\u00f3kr\u00f3l szeretne tov\u00e1bbi t\u00e1j\u00e9koztat\u00e1st kapni, k\u00e9rj\u00fck, l\u00e9pjen kapcsolatba az irod\u00e1val. A szolg\u00e1ltat\u00f3 mindent megtesz [&hellip;]\" \/>\n<meta property=\"og:url\" content=\"https:\/\/ladanyiemese.hu\/en\/legal-disclaimer\/\" \/>\n<meta property=\"og:site_name\" content=\"ladanyiemese.hu\" \/>\n<meta property=\"article:modified_time\" content=\"2025-03-11T12:56:03+00:00\" \/>\n<meta name=\"twitter:card\" content=\"summary_large_image\" \/>\n<meta name=\"twitter:label1\" content=\"Estimated reading time\" \/>\n\t<meta name=\"twitter:data1\" content=\"2 minutes\" \/>\n<script type=\"application\/ld+json\" class=\"yoast-schema-graph\">{\"@context\":\"https:\\\/\\\/schema.org\",\"@graph\":[{\"@type\":\"WebPage\",\"@id\":\"https:\\\/\\\/ladanyiemese.hu\\\/jogi-nyilatkozat\\\/\",\"url\":\"https:\\\/\\\/ladanyiemese.hu\\\/jogi-nyilatkozat\\\/\",\"name\":\"Jogi nyilatkozat - ladanyiemese.hu\",\"isPartOf\":{\"@id\":\"https:\\\/\\\/ladanyiemese.hu\\\/#website\"},\"datePublished\":\"2025-03-11T12:55:13+00:00\",\"dateModified\":\"2025-03-11T12:56:03+00:00\",\"breadcrumb\":{\"@id\":\"https:\\\/\\\/ladanyiemese.hu\\\/jogi-nyilatkozat\\\/#breadcrumb\"},\"inLanguage\":\"en-GB\",\"potentialAction\":[{\"@type\":\"ReadAction\",\"target\":[\"https:\\\/\\\/ladanyiemese.hu\\\/jogi-nyilatkozat\\\/\"]}]},{\"@type\":\"BreadcrumbList\",\"@id\":\"https:\\\/\\\/ladanyiemese.hu\\\/jogi-nyilatkozat\\\/#breadcrumb\",\"itemListElement\":[{\"@type\":\"ListItem\",\"position\":1,\"name\":\"Kezd\u0151lap\",\"item\":\"https:\\\/\\\/ladanyiemese.hu\\\/\"},{\"@type\":\"ListItem\",\"position\":2,\"name\":\"Jogi nyilatkozat\"}]},{\"@type\":\"WebSite\",\"@id\":\"https:\\\/\\\/ladanyiemese.hu\\\/#website\",\"url\":\"https:\\\/\\\/ladanyiemese.hu\\\/\",\"name\":\"ladanyiemese.hu\",\"description\":\"Megb\u00edzhat\u00f3 jogi seg\u00edts\u00e9g mag\u00e1nszem\u00e9lyeknek \u00e9s v\u00e1llalkoz\u00e1soknak\",\"publisher\":{\"@id\":\"https:\\\/\\\/ladanyiemese.hu\\\/#organization\"},\"potentialAction\":[{\"@type\":\"SearchAction\",\"target\":{\"@type\":\"EntryPoint\",\"urlTemplate\":\"https:\\\/\\\/ladanyiemese.hu\\\/?s={search_term_string}\"},\"query-input\":{\"@type\":\"PropertyValueSpecification\",\"valueRequired\":true,\"valueName\":\"search_term_string\"}}],\"inLanguage\":\"en-GB\"},{\"@type\":\"Organization\",\"@id\":\"https:\\\/\\\/ladanyiemese.hu\\\/#organization\",\"name\":\"ladanyiemese.hu\",\"url\":\"https:\\\/\\\/ladanyiemese.hu\\\/\",\"logo\":{\"@type\":\"ImageObject\",\"inLanguage\":\"en-GB\",\"@id\":\"https:\\\/\\\/ladanyiemese.hu\\\/#\\\/schema\\\/logo\\\/image\\\/\",\"url\":\"https:\\\/\\\/ladanyiemese.hu\\\/wp-content\\\/uploads\\\/2025\\\/02\\\/ladanyiemese-logo-hu.webp\",\"contentUrl\":\"https:\\\/\\\/ladanyiemese.hu\\\/wp-content\\\/uploads\\\/2025\\\/02\\\/ladanyiemese-logo-hu.webp\",\"width\":846,\"height\":357,\"caption\":\"ladanyiemese.hu\"},\"image\":{\"@id\":\"https:\\\/\\\/ladanyiemese.hu\\\/#\\\/schema\\\/logo\\\/image\\\/\"}}]}<\/script>\n<!-- \/ Yoast SEO plugin. -->","yoast_head_json":{"title":"Jogi nyilatkozat - ladanyiemese.hu","robots":{"index":"index","follow":"follow","max-snippet":"max-snippet:-1","max-image-preview":"max-image-preview:large","max-video-preview":"max-video-preview:-1"},"canonical":"https:\/\/ladanyiemese.hu\/en\/legal-disclaimer\/","og_locale":"en_GB","og_type":"article","og_title":"Jogi nyilatkozat - ladanyiemese.hu","og_description":"Jogi nyilatkozat A weboldalon megjelen\u0151 inform\u00e1ci\u00f3k, adatok, felt\u00e9telek kiz\u00e1r\u00f3lag t\u00e1j\u00e9koztat\u00e1sul szolg\u00e1lnak. A megjelent inform\u00e1ci\u00f3k semmilyen esetben nem min\u0151s\u00fclnek jogi vagy egy\u00e9b szakmai tan\u00e1csnak, \u00e9s nem keletkeztetnek \u00fcgyv\u00e9di megb\u00edz\u00e1si jogviszonyt. Amennyiben tan\u00e1csra van sz\u00fcks\u00e9ge konkr\u00e9t jogi probl\u00e9m\u00e1val kapcsolatban, vagy a honlapon k\u00f6z\u00f6lt inform\u00e1ci\u00f3kr\u00f3l szeretne tov\u00e1bbi t\u00e1j\u00e9koztat\u00e1st kapni, k\u00e9rj\u00fck, l\u00e9pjen kapcsolatba az irod\u00e1val. A szolg\u00e1ltat\u00f3 mindent megtesz [&hellip;]","og_url":"https:\/\/ladanyiemese.hu\/en\/legal-disclaimer\/","og_site_name":"ladanyiemese.hu","article_modified_time":"2025-03-11T12:56:03+00:00","twitter_card":"summary_large_image","twitter_misc":{"Estimated reading time":"2 minutes"},"schema":{"@context":"https:\/\/schema.org","@graph":[{"@type":"WebPage","@id":"https:\/\/ladanyiemese.hu\/jogi-nyilatkozat\/","url":"https:\/\/ladanyiemese.hu\/jogi-nyilatkozat\/","name":"Jogi nyilatkozat - ladanyiemese.hu","isPartOf":{"@id":"https:\/\/ladanyiemese.hu\/#website"},"datePublished":"2025-03-11T12:55:13+00:00","dateModified":"2025-03-11T12:56:03+00:00","breadcrumb":{"@id":"https:\/\/ladanyiemese.hu\/jogi-nyilatkozat\/#breadcrumb"},"inLanguage":"en-GB","potentialAction":[{"@type":"ReadAction","target":["https:\/\/ladanyiemese.hu\/jogi-nyilatkozat\/"]}]},{"@type":"BreadcrumbList","@id":"https:\/\/ladanyiemese.hu\/jogi-nyilatkozat\/#breadcrumb","itemListElement":[{"@type":"ListItem","position":1,"name":"Kezd\u0151lap","item":"https:\/\/ladanyiemese.hu\/"},{"@type":"ListItem","position":2,"name":"Jogi nyilatkozat"}]},{"@type":"WebSite","@id":"https:\/\/ladanyiemese.hu\/#website","url":"https:\/\/ladanyiemese.hu\/","name":"ladanyiemese.hu","description":"Megb\u00edzhat\u00f3 jogi seg\u00edts\u00e9g mag\u00e1nszem\u00e9lyeknek \u00e9s v\u00e1llalkoz\u00e1soknak","publisher":{"@id":"https:\/\/ladanyiemese.hu\/#organization"},"potentialAction":[{"@type":"SearchAction","target":{"@type":"EntryPoint","urlTemplate":"https:\/\/ladanyiemese.hu\/?s={search_term_string}"},"query-input":{"@type":"PropertyValueSpecification","valueRequired":true,"valueName":"search_term_string"}}],"inLanguage":"en-GB"},{"@type":"Organization","@id":"https:\/\/ladanyiemese.hu\/#organization","name":"ladanyiemese.hu","url":"https:\/\/ladanyiemese.hu\/","logo":{"@type":"ImageObject","inLanguage":"en-GB","@id":"https:\/\/ladanyiemese.hu\/#\/schema\/logo\/image\/","url":"https:\/\/ladanyiemese.hu\/wp-content\/uploads\/2025\/02\/ladanyiemese-logo-hu.webp","contentUrl":"https:\/\/ladanyiemese.hu\/wp-content\/uploads\/2025\/02\/ladanyiemese-logo-hu.webp","width":846,"height":357,"caption":"ladanyiemese.hu"},"image":{"@id":"https:\/\/ladanyiemese.hu\/#\/schema\/logo\/image\/"}}]}},"_links":{"self":[{"href":"https:\/\/ladanyiemese.hu\/en\/wp-json\/wp\/v2\/pages\/1203","targetHints":{"allow":["GET"]}}],"collection":[{"href":"https:\/\/ladanyiemese.hu\/en\/wp-json\/wp\/v2\/pages"}],"about":[{"href":"https:\/\/ladanyiemese.hu\/en\/wp-json\/wp\/v2\/types\/page"}],"author":[{"embeddable":true,"href":"https:\/\/ladanyiemese.hu\/en\/wp-json\/wp\/v2\/users\/1"}],"replies":[{"embeddable":true,"href":"https:\/\/ladanyiemese.hu\/en\/wp-json\/wp\/v2\/comments?post=1203"}],"version-history":[{"count":0,"href":"https:\/\/ladanyiemese.hu\/en\/wp-json\/wp\/v2\/pages\/1203\/revisions"}],"wp:attachment":[{"href":"https:\/\/ladanyiemese.hu\/en\/wp-json\/wp\/v2\/media?parent=1203"}],"curies":[{"name":"wp","href":"https:\/\/api.w.org\/{rel}","templated":true}]}}